{"id":151,"date":"2021-01-20T11:15:22","date_gmt":"2021-01-20T16:15:22","guid":{"rendered":"http:\/\/evaluaciones.evaluacion.gob.ec\/revista\/?page_id=151"},"modified":"2021-08-11T11:53:04","modified_gmt":"2021-08-11T16:53:04","slug":"medir-la-pobreza-de-los-aprendizajes-una-labor-necesaria-en-ecuador","status":"publish","type":"page","link":"http:\/\/evaluaciones.evaluacion.gob.ec\/revista\/volumenes\/medir-la-pobreza-de-los-aprendizajes-una-labor-necesaria-en-ecuador\/","title":{"rendered":"Medir la pobreza de los aprendizajes, una labor necesaria en Ecuador"},"content":{"rendered":"<style id=\"kt-blocks_1aca34-61\" type=\"text\/css\">.kt-tabs-id_1aca34-61 > .kt-tabs-content-wrap > .wp-block-kadence-tab {border-width:1px 1px 1px 1px;border-color:#bcbcbc;background:#ffffff;}.wp-block-kadence-tabs .kt-tabs-id_1aca34-61 > .kt-tabs-title-list li {margin:0px 8px -1px 0px;}.wp-block-kadence-tabs .kt-tabs-id_1aca34-61 > .kt-tabs-title-list li .kt-tab-title, .kt-tabs-id_1aca34-61 > .kt-tabs-content-wrap > .kt-tabs-accordion-title .kt-tab-title {font-size:1.1em;line-height:1.4em;border-width:1px 1px 0px 1px ;border-radius:4px 4px 0px 0px ;padding:8px 20px 8px 20px ;border-color:#eeeeee;color:#444444;background:#ffffff;}.kt-tabs-id_1aca34-61 > .kt-tabs-title-list li .kt-tab-title:hover, .kt-tabs-id_1aca34-61 > .kt-tabs-content-wrap > .kt-tabs-accordion-title .kt-tab-title:hover {border-color:#e2e2e2;color:#444444;background:#ffffff;}.kt-tabs-id_1aca34-61 > .kt-tabs-title-list li.kt-tab-title-active .kt-tab-title, .kt-tabs-id_1aca34-61 > .kt-tabs-content-wrap > .kt-tabs-accordion-title.kt-tab-title-active .kt-tab-title  {border-color:#bcbcbc;color:#444444;background:#ffffff;}<\/style>\n<div class=\"wp-block-kadence-tabs alignnone\"><div class=\"kt-tabs-wrap kt-tabs-id_1aca34-61 kt-tabs-has-1-tabs kt-active-tab-1 kt-tabs-layout-tabs kt-tabs-tablet-layout-inherit kt-tabs-mobile-layout-inherit kt-tab-alignment-left \" style=\"max-width:none\"><ul class=\"kt-tabs-title-list\"><li id=\"tab-\" class=\"kt-title-item kt-title-item-1 kt-tabs-svg-show-always kt-tabs-icon-side-right kt-tab-title-active\"><a href=\"#tab-\" data-tab=\"1\" class=\"kt-tab-title kt-tab-title-1 \"><span class=\"kt-title-text\"> <\/span><\/a><\/li><\/ul><div class=\"kt-tabs-content-wrap\">\n<div class=\"wp-block-kadence-tab kt-tab-inner-content kt-inner-tab-1 kt-inner-tab_cb39d0-a7\"><div class=\"kt-tab-inner-content-inner\"><style id=\"kt-blocks_fc7aba-e2\" type=\"text\/css\">.kt-accordion-id_fc7aba-e2 .kt-accordion-panel-inner {border-width:0px 0px 0px 0px;}.kt-accordion-id_fc7aba-e2 .wp-block-kadence-pane .kt-blocks-accordion-header {color:#555555;background:#f2f2f2;border-color:#555555 #555555 #555555 #555555;font-size:18px;line-height:24px;border-radius:0px 0px 0px 0px;border-width:0px 0px 0px 0px;padding:10px 14px 10px 14px;}.kt-accordion-id_fc7aba-e2 .kt-blocks-accordion-header .kt-btn-svg-icon svg {width:18px;height:18px;}.kt-accordion-id_fc7aba-e2:not( .kt-accodion-icon-style-basiccircle ):not( .kt-accodion-icon-style-xclosecircle ):not( .kt-accodion-icon-style-arrowcircle ) .kt-blocks-accordion-icon-trigger:after, .kt-accordion-id_fc7aba-e2:not( .kt-accodion-icon-style-basiccircle ):not( .kt-accodion-icon-style-xclosecircle ):not( .kt-accodion-icon-style-arrowcircle ) .kt-blocks-accordion-icon-trigger:before {background:#555555;}.kt-accordion-id_fc7aba-e2:not( .kt-accodion-icon-style-basic ):not( .kt-accodion-icon-style-xclose ):not( .kt-accodion-icon-style-arrow ) .kt-blocks-accordion-icon-trigger {background:#555555;}.kt-accordion-id_fc7aba-e2:not( .kt-accodion-icon-style-basic ):not( .kt-accodion-icon-style-xclose ):not( .kt-accodion-icon-style-arrow ) .kt-blocks-accordion-icon-trigger:after, .kt-accordion-id_fc7aba-e2:not( .kt-accodion-icon-style-basic ):not( .kt-accodion-icon-style-xclose ):not( .kt-accodion-icon-style-arrow ) .kt-blocks-accordion-icon-trigger:before {background:#f2f2f2;}.kt-accordion-id_fc7aba-e2 .kt-blocks-accordion-header:hover, .kt-accordion-id_fc7aba-e2 .kt-blocks-accordion-header:focus {color:#444444;background:#eeeeee;border-color:#eeeeee #eeeeee #eeeeee #eeeeee;}.kt-accordion-id_fc7aba-e2:not( .kt-accodion-icon-style-basiccircle ):not( .kt-accodion-icon-style-xclosecircle ):not( .kt-accodion-icon-style-arrowcircle ) .kt-blocks-accordion-header:hover .kt-blocks-accordion-icon-trigger:after, .kt-accordion-id_fc7aba-e2:not( .kt-accodion-icon-style-basiccircle ):not( .kt-accodion-icon-style-xclosecircle ):not( .kt-accodion-icon-style-arrowcircle ) .kt-blocks-accordion-header:hover .kt-blocks-accordion-icon-trigger:before, .kt-accordion-id_fc7aba-e2:not( .kt-accodion-icon-style-basiccircle ):not( .kt-accodion-icon-style-xclosecircle ):not( .kt-accodion-icon-style-arrowcircle ) .kt-blocks-accordion-header:focus .kt-blocks-accordion-icon-trigger:after, .kt-accordion-id_fc7aba-e2:not( .kt-accodion-icon-style-basiccircle ):not( .kt-accodion-icon-style-xclosecircle ):not( .kt-accodion-icon-style-arrowcircle ) .kt-blocks-accordion-header:focus .kt-blocks-accordion-icon-trigger:before {background:#444444;}.kt-accordion-id_fc7aba-e2:not( .kt-accodion-icon-style-basic ):not( .kt-accodion-icon-style-xclose ):not( .kt-accodion-icon-style-arrow ) .kt-blocks-accordion-header:hover .kt-blocks-accordion-icon-trigger, .kt-accordion-id_fc7aba-e2:not( .kt-accodion-icon-style-basic ):not( .kt-accodion-icon-style-xclose ):not( .kt-accodion-icon-style-arrow ) .kt-blocks-accordion-header:focus .kt-blocks-accordion-icon-trigger {background:#444444;}.kt-accordion-id_fc7aba-e2:not( .kt-accodion-icon-style-basic ):not( .kt-accodion-icon-style-xclose ):not( .kt-accodion-icon-style-arrow ) .kt-blocks-accordion-header:hover .kt-blocks-accordion-icon-trigger:after, .kt-accordion-id_fc7aba-e2:not( .kt-accodion-icon-style-basic ):not( .kt-accodion-icon-style-xclose ):not( .kt-accodion-icon-style-arrow ) .kt-blocks-accordion-header:hover .kt-blocks-accordion-icon-trigger:before, .kt-accordion-id_fc7aba-e2:not( .kt-accodion-icon-style-basic ):not( .kt-accodion-icon-style-xclose ):not( .kt-accodion-icon-style-arrow ) .kt-blocks-accordion-header:focus .kt-blocks-accordion-icon-trigger:after, .kt-accordion-id_fc7aba-e2:not( .kt-accodion-icon-style-basic ):not( .kt-accodion-icon-style-xclose ):not( .kt-accodion-icon-style-arrow ) .kt-blocks-accordion-header:focus .kt-blocks-accordion-icon-trigger:before {background:#eeeeee;}.kt-accordion-id_fc7aba-e2 .kt-blocks-accordion-header.kt-accordion-panel-active {color:#ffffff;background:#444444;border-color:#444444 #444444 #444444 #444444;}.kt-accordion-id_fc7aba-e2:not( .kt-accodion-icon-style-basiccircle ):not( .kt-accodion-icon-style-xclosecircle ):not( .kt-accodion-icon-style-arrowcircle ) .kt-blocks-accordion-header.kt-accordion-panel-active .kt-blocks-accordion-icon-trigger:after, .kt-accordion-id_fc7aba-e2:not( .kt-accodion-icon-style-basiccircle ):not( .kt-accodion-icon-style-xclosecircle ):not( .kt-accodion-icon-style-arrowcircle ) .kt-blocks-accordion-header.kt-accordion-panel-active .kt-blocks-accordion-icon-trigger:before {background:#ffffff;}.kt-accordion-id_fc7aba-e2:not( .kt-accodion-icon-style-basic ):not( .kt-accodion-icon-style-xclose ):not( .kt-accodion-icon-style-arrow ) .kt-blocks-accordion-header.kt-accordion-panel-active .kt-blocks-accordion-icon-trigger {background:#ffffff;}.kt-accordion-id_fc7aba-e2:not( .kt-accodion-icon-style-basic ):not( .kt-accodion-icon-style-xclose ):not( .kt-accodion-icon-style-arrow ) .kt-blocks-accordion-header.kt-accordion-panel-active .kt-blocks-accordion-icon-trigger:after, .kt-accordion-id_fc7aba-e2:not( .kt-accodion-icon-style-basic ):not( .kt-accodion-icon-style-xclose ):not( .kt-accodion-icon-style-arrow ) .kt-blocks-accordion-header.kt-accordion-panel-active .kt-blocks-accordion-icon-trigger:before {background:#444444;}<\/style>\n<div class=\"wp-block-kadence-accordion alignnone\"><div class=\"kt-accordion-wrap kt-accordion-wrap kt-accordion-id_fc7aba-e2 kt-accordion-has-3-panes kt-active-pane-0 kt-accordion-block kt-pane-header-alignment-left kt-accodion-icon-style-basic kt-accodion-icon-side-right\" style=\"max-width:none\"><div class=\"kt-accordion-inner-wrap\" data-allow-multiple-open=\"false\" data-start-open=\"none\">\n<div class=\"wp-block-kadence-pane kt-accordion-pane kt-accordion-pane-1 kt-pane_ffde9c-c1\"><div class=\"kt-accordion-header-wrap\"><button class=\"kt-blocks-accordion-header kt-acccordion-button-label-show\"><span class=\"kt-blocks-accordion-title-wrap\"><span class=\"kt-blocks-accordion-title\">Resumen<\/span><\/span><span class=\"kt-blocks-accordion-icon-trigger\"><\/span><\/button><\/div><div class=\"kt-accordion-panel\"><div class=\"kt-accordion-panel-inner\">\n<p class=\"has-text-align-left\">A partir del caso ecuatoriano, el presente art\u00edculo analiza una alternativa metodol\u00f3gica a la medici\u00f3n estandarizada de la pobreza de los aprendizajes. Esta medida ha sido desarrollada por el Banco Mundial y refleja el porcentaje de ni\u00f1os de 10 a\u00f1os que acuden a la escuela y que muestran dificultad en su comprensi\u00f3n lectora.<\/p>\n\n\n\n<p class=\"has-text-align-left\">Tal indicador aborda dos aspectos trascendentales en la gesti\u00f3n educativa: la escolaridad y el aprendizaje.<br>La presente investigaci\u00f3n replica la metodolog\u00eda del Banco Mundial con los datos disponibles en las evaluaciones \u201cSer Estudiante\u201d y en la encuesta laboral \u201cEnemdu\u201d.<\/p>\n\n\n\n<p class=\"has-text-align-left\">Frente a las limitaciones metodol\u00f3gicas, se plantean tres escenarios de c\u00e1lculo que esbozan alternativas para la construcci\u00f3n del indicador. El tercer escenario propone el rezago educativo como proxy del aprendizaje y se argumenta que dicho factor complementa y mantiene el objetivo: reflejar el atraso que existen en los logros de aprendizaje de los ni\u00f1os.<\/p>\n<\/div><\/div><\/div>\n\n\n\n<div class=\"wp-block-kadence-pane kt-accordion-pane kt-accordion-pane-2 kt-pane_313896-65\"><div class=\"kt-accordion-header-wrap\"><button class=\"kt-blocks-accordion-header kt-acccordion-button-label-show\"><span class=\"kt-blocks-accordion-title-wrap\"><span class=\"kt-blocks-accordion-title\">Palabras clave<\/span><\/span><span class=\"kt-blocks-accordion-icon-trigger\"><\/span><\/button><\/div><div class=\"kt-accordion-panel\"><div class=\"kt-accordion-panel-inner\">\n<p>Banco Mundial, competencia lectura, Ecuador, pobreza de los aprendizajes, pol\u00edtica educativa.<\/p>\n\n\n\n<p><\/p>\n<\/div><\/div><\/div>\n\n\n\n<div class=\"wp-block-kadence-pane kt-accordion-pane kt-accordion-pane-3 kt-pane_5f122f-bf\"><div class=\"kt-accordion-header-wrap\"><button class=\"kt-blocks-accordion-header kt-acccordion-button-label-show\"><span class=\"kt-blocks-accordion-title-wrap\"><span class=\"kt-blocks-accordion-title\">Documento para descarga<\/span><\/span><span class=\"kt-blocks-accordion-icon-trigger\"><\/span><\/button><\/div><div class=\"kt-accordion-panel\"><div class=\"kt-accordion-panel-inner\">\n<figure class=\"wp-block-table is-style-stripes\"><table><tbody><tr><td>Medir la pobreza de los aprendizajes, una labor necesaria en Ecuador<\/td><td><a href=\"http:\/\/evaluaciones.evaluacion.gob.ec\/revista\/download\/237\/\"><img src=\"http:\/\/evaluaciones.evaluacion.gob.ec\/revista\/wp-content\/uploads\/2020\/12\/revista-evaluacion-educativa_pdf.png\" alt=\"Esta imagen tiene un atributo ALT vac\u00edo; su nombre de archivo es revista-evaluacion-educativa_pdf.png\"><\/a><a rel=\"noreferrer noopener\" href=\"http:\/\/evaluaciones.evaluacion.gob.ec\/revista\/download\/87\/\" target=\"_blank\"><\/a><a rel=\"noreferrer noopener\" href=\"http:\/\/evaluaciones.evaluacion.gob.ec\/revista\/download\/87\/\" target=\"_blank\"><\/a><a rel=\"noreferrer noopener\" href=\"http:\/\/evaluaciones.evaluacion.gob.ec\/revista\/download\/87\/\" target=\"_blank\"><\/a><a rel=\"noreferrer noopener\" href=\"http:\/\/evaluaciones.evaluacion.gob.ec\/revista\/download\/87\/\" target=\"_blank\"><\/a><a rel=\"noreferrer noopener\" href=\"http:\/\/evaluaciones.evaluacion.gob.ec\/revista\/download\/87\/\" target=\"_blank\"><\/a><a rel=\"noreferrer noopener\" href=\"http:\/\/evaluaciones.evaluacion.gob.ec\/revista\/download\/87\/\" target=\"_blank\"><\/a><\/td><\/tr><\/tbody><\/table><\/figure>\n\n\n\n<p><\/p>\n<\/div><\/div><\/div>\n<\/div><\/div><\/div>\n\n\n\n<p><\/p>\n<\/div><\/div>\n<\/div><\/div><\/div>\n","protected":false},"excerpt":{"rendered":"","protected":false},"author":2,"featured_media":0,"parent":23,"menu_order":3,"comment_status":"closed","ping_status":"closed","template":"","meta":{"kt_blocks_editor_width":""},"_links":{"self":[{"href":"http:\/\/evaluaciones.evaluacion.gob.ec\/revista\/wp-json\/wp\/v2\/pages\/151"}],"collection":[{"href":"http:\/\/evaluaciones.evaluacion.gob.ec\/revista\/wp-json\/wp\/v2\/pages"}],"about":[{"href":"http:\/\/evaluaciones.evaluacion.gob.ec\/revista\/wp-json\/wp\/v2\/types\/page"}],"author":[{"embeddable":true,"href":"http:\/\/evaluaciones.evaluacion.gob.ec\/revista\/wp-json\/wp\/v2\/users\/2"}],"replies":[{"embeddable":true,"href":"http:\/\/evaluaciones.evaluacion.gob.ec\/revista\/wp-json\/wp\/v2\/comments?post=151"}],"version-history":[{"count":3,"href":"http:\/\/evaluaciones.evaluacion.gob.ec\/revista\/wp-json\/wp\/v2\/pages\/151\/revisions"}],"predecessor-version":[{"id":249,"href":"http:\/\/evaluaciones.evaluacion.gob.ec\/revista\/wp-json\/wp\/v2\/pages\/151\/revisions\/249"}],"up":[{"embeddable":true,"href":"http:\/\/evaluaciones.evaluacion.gob.ec\/revista\/wp-json\/wp\/v2\/pages\/23"}],"wp:attachment":[{"href":"http:\/\/evaluaciones.evaluacion.gob.ec\/revista\/wp-json\/wp\/v2\/media?parent=151"}],"curies":[{"name":"wp","href":"https:\/\/api.w.org\/{rel}","templated":true}]}}