{"id":23,"date":"2020-11-25T10:57:16","date_gmt":"2020-11-25T15:57:16","guid":{"rendered":"http:\/\/evaluaciones.evaluacion.gob.ec\/revista\/?page_id=23"},"modified":"2021-11-17T09:06:17","modified_gmt":"2021-11-17T14:06:17","slug":"volumenes","status":"publish","type":"page","link":"http:\/\/evaluaciones.evaluacion.gob.ec\/revista\/volumenes\/","title":{"rendered":"Vol\u00famenes"},"content":{"rendered":"\n<p><\/p>\n\n\n<style id=\"kt-blocks_67a0d9-57\" type=\"text\/css\">.kt-tabs-id_67a0d9-57 > .kt-tabs-content-wrap > .wp-block-kadence-tab {border-width:1px 1px 1px 1px;border-color:#bcbcbc;background:#ffffff;}.wp-block-kadence-tabs .kt-tabs-id_67a0d9-57 > .kt-tabs-title-list li {margin:0px 8px -1px 0px;}.wp-block-kadence-tabs .kt-tabs-id_67a0d9-57 > .kt-tabs-title-list li .kt-tab-title, .kt-tabs-id_67a0d9-57 > .kt-tabs-content-wrap > .kt-tabs-accordion-title .kt-tab-title {font-size:1.1em;line-height:1.4em;border-width:1px 1px 0px 1px ;border-radius:4px 4px 0px 0px ;padding:8px 20px 8px 20px ;border-color:#eeeeee;color:#444444;background:#ffffff;}.kt-tabs-id_67a0d9-57 > .kt-tabs-title-list li .kt-tab-title:hover, .kt-tabs-id_67a0d9-57 > .kt-tabs-content-wrap > .kt-tabs-accordion-title .kt-tab-title:hover {border-color:#e2e2e2;color:#444444;background:#ffffff;}.kt-tabs-id_67a0d9-57 > .kt-tabs-title-list li.kt-tab-title-active .kt-tab-title, .kt-tabs-id_67a0d9-57 > .kt-tabs-content-wrap > .kt-tabs-accordion-title.kt-tab-title-active .kt-tab-title  {border-color:#bcbcbc;color:#444444;background:#ffffff;}<\/style>\n<div class=\"wp-block-kadence-tabs alignnone\"><div class=\"kt-tabs-wrap kt-tabs-id_67a0d9-57 kt-tabs-has-1-tabs kt-active-tab-1 kt-tabs-layout-tabs kt-tabs-tablet-layout-inherit kt-tabs-mobile-layout-inherit kt-tab-alignment-left \" style=\"max-width:none\"><ul class=\"kt-tabs-title-list\"><li id=\"tab-volmenes\" class=\"kt-title-item kt-title-item-1 kt-tabs-svg-show-always kt-tabs-icon-side-right kt-tab-title-active\"><a href=\"#tab-volmenes\" data-tab=\"1\" class=\"kt-tab-title kt-tab-title-1 \"><span class=\"kt-title-text\">Vol\u00famenes<\/span><\/a><\/li><\/ul><div class=\"kt-tabs-content-wrap\">\n<div class=\"wp-block-kadence-tab kt-tab-inner-content kt-inner-tab-1 kt-inner-tab_59137d-5a\"><div class=\"kt-tab-inner-content-inner\"><style id=\"kt-blocks_62e3a3-17\" type=\"text\/css\">.kt-accordion-id_62e3a3-17 .kt-accordion-panel-inner {border-width:0px 0px 0px 0px;}.kt-accordion-id_62e3a3-17 .wp-block-kadence-pane .kt-blocks-accordion-header {color:#555555;background:#f2f2f2;border-color:#555555 #555555 #555555 #555555;font-size:18px;line-height:24px;border-radius:0px 0px 0px 0px;border-width:0px 0px 0px 0px;padding:10px 14px 10px 14px;}.kt-accordion-id_62e3a3-17 .kt-blocks-accordion-header .kt-btn-svg-icon svg {width:18px;height:18px;}.kt-accordion-id_62e3a3-17:not( .kt-accodion-icon-style-basiccircle ):not( .kt-accodion-icon-style-xclosecircle ):not( .kt-accodion-icon-style-arrowcircle ) .kt-blocks-accordion-icon-trigger:after, .kt-accordion-id_62e3a3-17:not( .kt-accodion-icon-style-basiccircle ):not( .kt-accodion-icon-style-xclosecircle ):not( .kt-accodion-icon-style-arrowcircle ) .kt-blocks-accordion-icon-trigger:before {background:#555555;}.kt-accordion-id_62e3a3-17:not( .kt-accodion-icon-style-basic ):not( .kt-accodion-icon-style-xclose ):not( .kt-accodion-icon-style-arrow ) .kt-blocks-accordion-icon-trigger {background:#555555;}.kt-accordion-id_62e3a3-17:not( .kt-accodion-icon-style-basic ):not( .kt-accodion-icon-style-xclose ):not( .kt-accodion-icon-style-arrow ) .kt-blocks-accordion-icon-trigger:after, .kt-accordion-id_62e3a3-17:not( .kt-accodion-icon-style-basic ):not( .kt-accodion-icon-style-xclose ):not( .kt-accodion-icon-style-arrow ) .kt-blocks-accordion-icon-trigger:before {background:#f2f2f2;}.kt-accordion-id_62e3a3-17 .kt-blocks-accordion-header:hover, .kt-accordion-id_62e3a3-17 .kt-blocks-accordion-header:focus {color:#444444;background:#eeeeee;border-color:#eeeeee #eeeeee #eeeeee #eeeeee;}.kt-accordion-id_62e3a3-17:not( .kt-accodion-icon-style-basiccircle ):not( .kt-accodion-icon-style-xclosecircle ):not( .kt-accodion-icon-style-arrowcircle ) .kt-blocks-accordion-header:hover .kt-blocks-accordion-icon-trigger:after, .kt-accordion-id_62e3a3-17:not( .kt-accodion-icon-style-basiccircle ):not( .kt-accodion-icon-style-xclosecircle ):not( .kt-accodion-icon-style-arrowcircle ) .kt-blocks-accordion-header:hover .kt-blocks-accordion-icon-trigger:before, .kt-accordion-id_62e3a3-17:not( .kt-accodion-icon-style-basiccircle ):not( .kt-accodion-icon-style-xclosecircle ):not( .kt-accodion-icon-style-arrowcircle ) .kt-blocks-accordion-header:focus .kt-blocks-accordion-icon-trigger:after, .kt-accordion-id_62e3a3-17:not( .kt-accodion-icon-style-basiccircle ):not( .kt-accodion-icon-style-xclosecircle ):not( .kt-accodion-icon-style-arrowcircle ) .kt-blocks-accordion-header:focus .kt-blocks-accordion-icon-trigger:before {background:#444444;}.kt-accordion-id_62e3a3-17:not( .kt-accodion-icon-style-basic ):not( .kt-accodion-icon-style-xclose ):not( .kt-accodion-icon-style-arrow ) .kt-blocks-accordion-header:hover .kt-blocks-accordion-icon-trigger, .kt-accordion-id_62e3a3-17:not( .kt-accodion-icon-style-basic ):not( .kt-accodion-icon-style-xclose ):not( .kt-accodion-icon-style-arrow ) .kt-blocks-accordion-header:focus .kt-blocks-accordion-icon-trigger {background:#444444;}.kt-accordion-id_62e3a3-17:not( .kt-accodion-icon-style-basic ):not( .kt-accodion-icon-style-xclose ):not( .kt-accodion-icon-style-arrow ) .kt-blocks-accordion-header:hover .kt-blocks-accordion-icon-trigger:after, .kt-accordion-id_62e3a3-17:not( .kt-accodion-icon-style-basic ):not( .kt-accodion-icon-style-xclose ):not( .kt-accodion-icon-style-arrow ) .kt-blocks-accordion-header:hover .kt-blocks-accordion-icon-trigger:before, .kt-accordion-id_62e3a3-17:not( .kt-accodion-icon-style-basic ):not( .kt-accodion-icon-style-xclose ):not( .kt-accodion-icon-style-arrow ) .kt-blocks-accordion-header:focus .kt-blocks-accordion-icon-trigger:after, .kt-accordion-id_62e3a3-17:not( .kt-accodion-icon-style-basic ):not( .kt-accodion-icon-style-xclose ):not( .kt-accodion-icon-style-arrow ) .kt-blocks-accordion-header:focus .kt-blocks-accordion-icon-trigger:before {background:#eeeeee;}.kt-accordion-id_62e3a3-17 .kt-blocks-accordion-header.kt-accordion-panel-active {color:#ffffff;background:#444444;border-color:#444444 #444444 #444444 #444444;}.kt-accordion-id_62e3a3-17:not( .kt-accodion-icon-style-basiccircle ):not( .kt-accodion-icon-style-xclosecircle ):not( .kt-accodion-icon-style-arrowcircle ) .kt-blocks-accordion-header.kt-accordion-panel-active .kt-blocks-accordion-icon-trigger:after, .kt-accordion-id_62e3a3-17:not( .kt-accodion-icon-style-basiccircle ):not( .kt-accodion-icon-style-xclosecircle ):not( .kt-accodion-icon-style-arrowcircle ) .kt-blocks-accordion-header.kt-accordion-panel-active .kt-blocks-accordion-icon-trigger:before {background:#ffffff;}.kt-accordion-id_62e3a3-17:not( .kt-accodion-icon-style-basic ):not( .kt-accodion-icon-style-xclose ):not( .kt-accodion-icon-style-arrow ) .kt-blocks-accordion-header.kt-accordion-panel-active .kt-blocks-accordion-icon-trigger {background:#ffffff;}.kt-accordion-id_62e3a3-17:not( .kt-accodion-icon-style-basic ):not( .kt-accodion-icon-style-xclose ):not( .kt-accodion-icon-style-arrow ) .kt-blocks-accordion-header.kt-accordion-panel-active .kt-blocks-accordion-icon-trigger:after, .kt-accordion-id_62e3a3-17:not( .kt-accodion-icon-style-basic ):not( .kt-accodion-icon-style-xclose ):not( .kt-accodion-icon-style-arrow ) .kt-blocks-accordion-header.kt-accordion-panel-active .kt-blocks-accordion-icon-trigger:before {background:#444444;}<\/style>\n<div class=\"wp-block-kadence-accordion alignnone\"><div class=\"kt-accordion-wrap kt-accordion-wrap kt-accordion-id_62e3a3-17 kt-accordion-has-4-panes kt-active-pane-0 kt-accordion-block kt-pane-header-alignment-left kt-accodion-icon-style-basic kt-accodion-icon-side-right\" style=\"max-width:none\"><div class=\"kt-accordion-inner-wrap\" data-allow-multiple-open=\"false\" data-start-open=\"0\">\n<div class=\"wp-block-kadence-pane kt-accordion-pane kt-accordion-pane-1 kt-pane_3a8272-d0\"><div class=\"kt-accordion-header-wrap\"><button class=\"kt-blocks-accordion-header kt-acccordion-button-label-show\"><span class=\"kt-blocks-accordion-title-wrap\"><span class=\"kt-blocks-accordion-title\">Volumen 1<\/span><\/span><span class=\"kt-blocks-accordion-icon-trigger\"><\/span><\/button><\/div><div class=\"kt-accordion-panel\"><div class=\"kt-accordion-panel-inner\">\n<div class=\"wp-block-columns\">\n<div class=\"wp-block-column\">\n<figure class=\"wp-block-gallery columns-1 is-cropped\"><ul class=\"blocks-gallery-grid\"><li class=\"blocks-gallery-item\"><figure><img loading=\"lazy\" width=\"1024\" height=\"1024\" src=\"http:\/\/evaluaciones.evaluacion.gob.ec\/revista\/wp-content\/uploads\/2021\/09\/INEVAL_Portada-volumen1-1024x1024.png\" alt=\"\" data-id=\"376\" data-full-url=\"http:\/\/evaluaciones.evaluacion.gob.ec\/revista\/wp-content\/uploads\/2021\/09\/INEVAL_Portada-volumen1.png\" data-link=\"http:\/\/evaluaciones.evaluacion.gob.ec\/revista\/volumenes\/ineval_portada-volumen1\/\" class=\"wp-image-376\" srcset=\"http:\/\/evaluaciones.evaluacion.gob.ec\/revista\/wp-content\/uploads\/2021\/09\/INEVAL_Portada-volumen1-1024x1024.png 1024w, http:\/\/evaluaciones.evaluacion.gob.ec\/revista\/wp-content\/uploads\/2021\/09\/INEVAL_Portada-volumen1-300x300.png 300w, http:\/\/evaluaciones.evaluacion.gob.ec\/revista\/wp-content\/uploads\/2021\/09\/INEVAL_Portada-volumen1-150x150.png 150w, http:\/\/evaluaciones.evaluacion.gob.ec\/revista\/wp-content\/uploads\/2021\/09\/INEVAL_Portada-volumen1-768x768.png 768w, http:\/\/evaluaciones.evaluacion.gob.ec\/revista\/wp-content\/uploads\/2021\/09\/INEVAL_Portada-volumen1-1536x1536.png 1536w, http:\/\/evaluaciones.evaluacion.gob.ec\/revista\/wp-content\/uploads\/2021\/09\/INEVAL_Portada-volumen1-2048x2048.png 2048w\" sizes=\"(max-width: 1024px) 100vw, 1024px\" \/><\/figure><\/li><\/ul><\/figure>\n\n\n\n<a class=\"boton_personalizado\" title=\"\" href=\"http:\/\/evaluaciones.evaluacion.gob.ec\/revista\/download\/225\/\" rel=\"nofollow\">\n\tRevista Cient\u00edfica Educativa Vol1\n<\/a>\n<\/div>\n\n\n\n<div class=\"wp-block-column\">\n<p>Volumen 1 \u00b7 Noviembre de 2020<\/p>\n\n\n\n<p>Instituto Nacional de Evaluaci\u00f3n Educativa<br>INSTITUCI\u00d3N EDITORA<\/p>\n\n\n\n<p>1.- <a href=\"http:\/\/evaluaciones.evaluacion.gob.ec\/revista\/volumenes\/clima-del-aula-y-logros-de-aprendizaje-en-estudiantes-de-egb\/\">Clima del aula y logros de aprendizaje en estudiantes de Educaci\u00f3n General B\u00e1sica<\/a><\/p>\n\n\n\n<p>2.- <a href=\"http:\/\/evaluaciones.evaluacion.gob.ec\/revista\/volumenes\/determinantes-desempeno-pisa-d-2017\/\">Determinantes de las diferencias en el desempe\u00f1o educativo de los estudiantes de Ecuador en las pruebas PISA-D 2017<\/a><\/p>\n\n\n\n<p>3.- <a href=\"http:\/\/evaluaciones.evaluacion.gob.ec\/revista\/volumenes\/medir-la-pobreza-de-los-aprendizajes-una-labor-necesaria-en-ecuador\/\">Medir la pobreza de los aprendizajes, una labor necesaria en Ecuador<\/a><\/p>\n<\/div>\n<\/div>\n<\/div><\/div><\/div>\n\n\n\n<div class=\"wp-block-kadence-pane kt-accordion-pane kt-accordion-pane-4 kt-pane_8f143e-20\"><div class=\"kt-accordion-header-wrap\"><button class=\"kt-blocks-accordion-header kt-acccordion-button-label-show\"><span class=\"kt-blocks-accordion-title-wrap\"><span class=\"kt-blocks-accordion-title\">Volumen 2<\/span><\/span><span class=\"kt-blocks-accordion-icon-trigger\"><\/span><\/button><\/div><div class=\"kt-accordion-panel\"><div class=\"kt-accordion-panel-inner\">\n<div class=\"wp-block-columns\">\n<div class=\"wp-block-column\">\n<figure class=\"wp-block-gallery columns-1 is-cropped\"><ul class=\"blocks-gallery-grid\"><li class=\"blocks-gallery-item\"><figure><img loading=\"lazy\" width=\"1024\" height=\"1024\" src=\"http:\/\/evaluaciones.evaluacion.gob.ec\/revista\/wp-content\/uploads\/2021\/09\/INEVAL_Portada-volumen2-1024x1024.png\" alt=\"\" data-id=\"377\" data-full-url=\"http:\/\/evaluaciones.evaluacion.gob.ec\/revista\/wp-content\/uploads\/2021\/09\/INEVAL_Portada-volumen2.png\" data-link=\"http:\/\/evaluaciones.evaluacion.gob.ec\/revista\/volumenes\/ineval_portada-volumen2\/\" class=\"wp-image-377\" srcset=\"http:\/\/evaluaciones.evaluacion.gob.ec\/revista\/wp-content\/uploads\/2021\/09\/INEVAL_Portada-volumen2-1024x1024.png 1024w, http:\/\/evaluaciones.evaluacion.gob.ec\/revista\/wp-content\/uploads\/2021\/09\/INEVAL_Portada-volumen2-300x300.png 300w, http:\/\/evaluaciones.evaluacion.gob.ec\/revista\/wp-content\/uploads\/2021\/09\/INEVAL_Portada-volumen2-150x150.png 150w, http:\/\/evaluaciones.evaluacion.gob.ec\/revista\/wp-content\/uploads\/2021\/09\/INEVAL_Portada-volumen2-768x768.png 768w, http:\/\/evaluaciones.evaluacion.gob.ec\/revista\/wp-content\/uploads\/2021\/09\/INEVAL_Portada-volumen2-1536x1536.png 1536w, http:\/\/evaluaciones.evaluacion.gob.ec\/revista\/wp-content\/uploads\/2021\/09\/INEVAL_Portada-volumen2-2048x2048.png 2048w\" sizes=\"(max-width: 1024px) 100vw, 1024px\" \/><\/figure><\/li><\/ul><\/figure>\n\n\n\n<a class=\"boton_personalizado\" title=\"\" href=\"http:\/\/evaluaciones.evaluacion.gob.ec\/revista\/download\/219\/\" rel=\"nofollow\">\n\tRevista Cient\u00edfica Educativa Vol2\n<\/a>\n<\/div>\n\n\n\n<div class=\"wp-block-column\">\n<p>Volumen 2 \u00b7 Mayo de 2021<\/p>\n\n\n\n<p>Instituto Nacional de Evaluaci\u00f3n Educativa<br>INSTITUCI\u00d3N EDITORA<\/p>\n\n\n\n<p>1.- <a href=\"http:\/\/evaluaciones.evaluacion.gob.ec\/revista\/volumenes\/creando-oportunidades-de-empleo-tic-para-jovenes-en-el-ecuador\/\">Creando oportunidades de empleo TIC para j\u00f3venes en el Ecuador<\/a><\/p>\n\n\n\n<p>2.- <a href=\"http:\/\/evaluaciones.evaluacion.gob.ec\/revista\/volumenes\/atributos-de-los-programas-academicos-de-calidad-en-las-universidades-en-paises-en-desarrollo-estudio-de-caso-de-universidades-ecuatorianas-y-de-universidades-de-otros-paises-latinoamericanos\/\">Atributos de los Programas Acad\u00e9micos de Calidad en las Universidades en Pa\u00edses en Desarrollo: Estudio de caso de Universidades Ecuatorianas y de Universidades de otros Pa\u00edses Latinoamericanos<\/a><\/p>\n\n\n\n<p>3.- <a href=\"http:\/\/evaluaciones.evaluacion.gob.ec\/revista\/volumenes\/contexto-y-violencia-escolar-el-rol-de-la-comunidad-y-la-institucion-educativa-en-el-sistema-nacional-de-educacion\/\">Contexto y Violencia Escolar: el rol de la comunidad y la instituci\u00f3n educativa en el Sistema Nacional de Educaci\u00f3n<\/a><\/p>\n\n\n\n<p>4.- <a href=\"http:\/\/evaluaciones.evaluacion.gob.ec\/revista\/volumenes\/trabajo-infantil-en-estudiantes-de-cuarto-septimo-y-decimo-de-educacion-general-basica-en-el-periodo-2019-2017\/\">Trabajo Infantil en estudiantes de cuarto, s\u00e9ptimo y decimo de Educaci\u00f3n General B\u00e1sica en el periodo 2017-2019<\/a><\/p>\n\n\n\n<p>5.- <a href=\"http:\/\/evaluaciones.evaluacion.gob.ec\/revista\/volumenes\/funcionamiento-diferencial-de-los-items-de-la-evaluacion-ser-bachiller-2018-segun-las-variables-sexo-area-autoidentificacion-etnica-y-financiamiento\/\">Funcionamiento diferencial de los \u00edtems de la evaluaci\u00f3n ser bachiller 2018, seg\u00fan las variables sexo, \u00e1rea, autoidentificaci\u00f3n \u00e9tnica y financiamiento<\/a><\/p>\n<\/div>\n<\/div>\n\n\n\n<p><\/p>\n<\/div><\/div><\/div>\n<\/div><\/div><\/div>\n<\/div><\/div>\n<\/div><\/div><\/div>\n\n\n\n<p class=\"has-small-font-size\">Se autoriza su reproducci\u00f3n para fines acad\u00e9micos e investigativos, debi\u00e9ndose citar al Instituto Nacional de Evaluaci\u00f3n Educativa como fuente de la informaci\u00f3n.<\/p>\n","protected":false},"excerpt":{"rendered":"<p>Se autoriza su reproducci\u00f3n para fines acad\u00e9micos e investigativos, debi\u00e9ndose citar al Instituto Nacional de Evaluaci\u00f3n Educativa como fuente de la informaci\u00f3n.<\/p>\n","protected":false},"author":1,"featured_media":0,"parent":0,"menu_order":0,"comment_status":"closed","ping_status":"closed","template":"","meta":{"kt_blocks_editor_width":""},"_links":{"self":[{"href":"http:\/\/evaluaciones.evaluacion.gob.ec\/revista\/wp-json\/wp\/v2\/pages\/23"}],"collection":[{"href":"http:\/\/evaluaciones.evaluacion.gob.ec\/revista\/wp-json\/wp\/v2\/pages"}],"about":[{"href":"http:\/\/evaluaciones.evaluacion.gob.ec\/revista\/wp-json\/wp\/v2\/types\/page"}],"author":[{"embeddable":true,"href":"http:\/\/evaluaciones.evaluacion.gob.ec\/revista\/wp-json\/wp\/v2\/users\/1"}],"replies":[{"embeddable":true,"href":"http:\/\/evaluaciones.evaluacion.gob.ec\/revista\/wp-json\/wp\/v2\/comments?post=23"}],"version-history":[{"count":70,"href":"http:\/\/evaluaciones.evaluacion.gob.ec\/revista\/wp-json\/wp\/v2\/pages\/23\/revisions"}],"predecessor-version":[{"id":403,"href":"http:\/\/evaluaciones.evaluacion.gob.ec\/revista\/wp-json\/wp\/v2\/pages\/23\/revisions\/403"}],"wp:attachment":[{"href":"http:\/\/evaluaciones.evaluacion.gob.ec\/revista\/wp-json\/wp\/v2\/media?parent=23"}],"curies":[{"name":"wp","href":"https:\/\/api.w.org\/{rel}","templated":true}]}}