{"id":25,"date":"2020-11-25T10:58:01","date_gmt":"2020-11-25T15:58:01","guid":{"rendered":"http:\/\/evaluaciones.evaluacion.gob.ec\/revista\/?page_id=25"},"modified":"2021-09-01T11:57:37","modified_gmt":"2021-09-01T16:57:37","slug":"codigo-etico","status":"publish","type":"page","link":"http:\/\/evaluaciones.evaluacion.gob.ec\/revista\/codigo-etico\/","title":{"rendered":"C\u00f3digo de \u00c9tica"},"content":{"rendered":"\n<ul><li>El Editor de la Revista \u201cEVALUACI\u00d3N EDUCATIVA\u201d garantiza la publicaci\u00f3n semestral de este \u00f3rgano de difusi\u00f3n del INEVAL<\/li><li>Garantiza la autor\u00eda de los trabajos publicados, los mismos que se basan en las evaluaciones realizadas por la instituci\u00f3n.<\/li><li>Todos los art\u00edculos publicados en la Revista ser\u00e1n evaluados por pares acad\u00e9micos para garantizar la seriedad cient\u00edfica y \u00e9tica de los trabajos publicados.<\/li><li>Todos los art\u00edculos publicados cumplir\u00e1n con las normas de presentaci\u00f3n y de referencia bibliogr\u00e1fica aceptadas por la academia.<\/li><li>Todos los autores, previamente, deber\u00e1n ceder los derechos de publicaci\u00f3n a la Revista de manera gratuita, con fines estrictamente acad\u00e9micos.<\/li><li>Todos los autores deber\u00e1n declarar que se trata de un trabajo original e in\u00e9dito y que no tienen ning\u00fan impedimento para ceder los derechos de autor a favor de la Revista.<\/li><li>La Revista \u201cEVALUACI\u00d3N EDUCATIVA\u201d es un \u00f3rgano de difusi\u00f3n eminentemente acad\u00e9mico, por tanto, no tiene fines comerciales ni financieros.<\/li><\/ul>\n\n\n\n<p>El C\u00f3digo de \u00c9tica de la Revista Cient\u00edfica Educativa del Ineval, se basa en los siguientes documentos:<\/p>\n\n\n\n<ul><li>C\u00f3digo de \u00c9tica y Valores de las Servidoras y Servidores P\u00fablicos, vigente (2014)<\/li><li>C\u00f3digo Org\u00e1nico de la Econom\u00eda Social de los Conocimientos, Creatividad E Innovaci\u00f3n, vigente (2016)<\/li><li>C\u00f3digo de \u00c9tica del Ineval.<\/li><li>\u201cPol\u00edticas de Control de Plagio y Preservaci\u00f3n Digital\u201d de la Revista Cient\u00edfica Educativa del Ineval.<\/li><li>\u201cDerechos de Autor: Consentimiento Firmado\u201d del Ineval.<\/li><li>\u201cSistema de Arbitraje para la Evaluaci\u00f3n y Selecci\u00f3n de Art\u00edculos Cient\u00edficos\u201d, donde constan varios aspectos \u00e9ticos, as\u00ed como las fechas de recepci\u00f3n, aceptaci\u00f3n de investigaciones originales y el documento con la evaluaci\u00f3n de los revisores pares del Consejo Editorial. de la Revista Cient\u00edfica Educativa del Ineval.<\/li><li>\u201cGu\u00eda para Estructurar y Escribir Art\u00edculos Cient\u00edficos\u201d de la Revista Cient\u00edfica Educativa del Ineval.<\/li><\/ul>\n\n\n\n<p>Algunos puntos relevantes del C\u00f3digo de \u00c9tica de la Revista Cient\u00edfica Educativa:<\/p>\n\n\n\n<ul><li>El Ineval garantiza la autor\u00eda de los trabajos publicados, los cuales se basan en investigaciones y publicaciones originales.<\/li><li>Todos los art\u00edculos publicados en la revista ser\u00e1n evaluados por pares acad\u00e9micos para garantizar la seriedad cient\u00edfica y \u00e9tica de los trabajos publicados.<\/li><li>Todos los art\u00edculos publicados cumplir\u00e1n con las normas de presentaci\u00f3n y de referencia bibliogr\u00e1fica aceptadas por la academia.<\/li><li>La Revista \u201cEVALUACI\u00d3N EDUCATIVA\u201d es un \u00f3rgano de difusi\u00f3n eminentemente acad\u00e9mico, por tanto, no tiene fines comerciales ni financieros.<\/li><\/ul>\n\n\n\n<p><\/p>\n","protected":false},"excerpt":{"rendered":"<p>El Editor de la Revista \u201cEVALUACI\u00d3N EDUCATIVA\u201d garantiza la publicaci\u00f3n semestral de este \u00f3rgano de difusi\u00f3n del INEVAL Garantiza la autor\u00eda de los trabajos publicados, los mismos que se basan en las evaluaciones realizadas por la instituci\u00f3n. Todos los art\u00edculos publicados en la Revista ser\u00e1n evaluados por pares acad\u00e9micos para garantizar la seriedad cient\u00edfica y [&hellip;]<\/p>\n","protected":false},"author":1,"featured_media":0,"parent":0,"menu_order":0,"comment_status":"closed","ping_status":"closed","template":"","meta":{"kt_blocks_editor_width":""},"_links":{"self":[{"href":"http:\/\/evaluaciones.evaluacion.gob.ec\/revista\/wp-json\/wp\/v2\/pages\/25"}],"collection":[{"href":"http:\/\/evaluaciones.evaluacion.gob.ec\/revista\/wp-json\/wp\/v2\/pages"}],"about":[{"href":"http:\/\/evaluaciones.evaluacion.gob.ec\/revista\/wp-json\/wp\/v2\/types\/page"}],"author":[{"embeddable":true,"href":"http:\/\/evaluaciones.evaluacion.gob.ec\/revista\/wp-json\/wp\/v2\/users\/1"}],"replies":[{"embeddable":true,"href":"http:\/\/evaluaciones.evaluacion.gob.ec\/revista\/wp-json\/wp\/v2\/comments?post=25"}],"version-history":[{"count":7,"href":"http:\/\/evaluaciones.evaluacion.gob.ec\/revista\/wp-json\/wp\/v2\/pages\/25\/revisions"}],"predecessor-version":[{"id":374,"href":"http:\/\/evaluaciones.evaluacion.gob.ec\/revista\/wp-json\/wp\/v2\/pages\/25\/revisions\/374"}],"wp:attachment":[{"href":"http:\/\/evaluaciones.evaluacion.gob.ec\/revista\/wp-json\/wp\/v2\/media?parent=25"}],"curies":[{"name":"wp","href":"https:\/\/api.w.org\/{rel}","templated":true}]}}