{"id":312,"date":"2021-08-23T14:35:21","date_gmt":"2021-08-23T19:35:21","guid":{"rendered":"http:\/\/evaluaciones.evaluacion.gob.ec\/revista\/?page_id=312"},"modified":"2021-08-23T14:37:38","modified_gmt":"2021-08-23T19:37:38","slug":"contexto-y-violencia-escolar-el-rol-de-la-comunidad-y-la-institucion-educativa-en-el-sistema-nacional-de-educacion","status":"publish","type":"page","link":"http:\/\/evaluaciones.evaluacion.gob.ec\/revista\/volumenes\/contexto-y-violencia-escolar-el-rol-de-la-comunidad-y-la-institucion-educativa-en-el-sistema-nacional-de-educacion\/","title":{"rendered":"Contexto y Violencia Escolar: el rol de la comunidad y la instituci\u00f3n educativa en el Sistema Nacional de Educaci\u00f3n"},"content":{"rendered":"<style id=\"kt-blocks_1aca34-61\" type=\"text\/css\">.kt-tabs-id_1aca34-61 > .kt-tabs-content-wrap > .wp-block-kadence-tab {border-width:1px 1px 1px 1px;border-color:#bcbcbc;background:#ffffff;}.wp-block-kadence-tabs .kt-tabs-id_1aca34-61 > .kt-tabs-title-list li {margin:0px 8px -1px 0px;}.wp-block-kadence-tabs .kt-tabs-id_1aca34-61 > .kt-tabs-title-list li .kt-tab-title, .kt-tabs-id_1aca34-61 > .kt-tabs-content-wrap > .kt-tabs-accordion-title .kt-tab-title {font-size:1.1em;line-height:1.4em;border-width:1px 1px 0px 1px ;border-radius:4px 4px 0px 0px ;padding:8px 20px 8px 20px ;border-color:#eeeeee;color:#444444;background:#ffffff;}.kt-tabs-id_1aca34-61 > .kt-tabs-title-list li .kt-tab-title:hover, .kt-tabs-id_1aca34-61 > .kt-tabs-content-wrap > .kt-tabs-accordion-title .kt-tab-title:hover {border-color:#e2e2e2;color:#444444;background:#ffffff;}.kt-tabs-id_1aca34-61 > .kt-tabs-title-list li.kt-tab-title-active .kt-tab-title, .kt-tabs-id_1aca34-61 > .kt-tabs-content-wrap > .kt-tabs-accordion-title.kt-tab-title-active .kt-tab-title  {border-color:#bcbcbc;color:#444444;background:#ffffff;}<\/style>\n<div class=\"wp-block-kadence-tabs alignnone\"><div class=\"kt-tabs-wrap kt-tabs-id_1aca34-61 kt-tabs-has-1-tabs kt-active-tab-1 kt-tabs-layout-tabs kt-tabs-tablet-layout-inherit kt-tabs-mobile-layout-inherit kt-tab-alignment-left \" style=\"max-width:none\"><ul class=\"kt-tabs-title-list\"><li id=\"tab-\" class=\"kt-title-item kt-title-item-1 kt-tabs-svg-show-always kt-tabs-icon-side-right kt-tab-title-active\"><a href=\"#tab-\" data-tab=\"1\" class=\"kt-tab-title kt-tab-title-1 \"><span class=\"kt-title-text\"> <\/span><\/a><\/li><\/ul><div class=\"kt-tabs-content-wrap\">\n<div class=\"wp-block-kadence-tab kt-tab-inner-content kt-inner-tab-1 kt-inner-tab_cb39d0-a7\"><div class=\"kt-tab-inner-content-inner\"><style id=\"kt-blocks_fc7aba-e2\" type=\"text\/css\">.kt-accordion-id_fc7aba-e2 .kt-accordion-panel-inner {border-width:0px 0px 0px 0px;}.kt-accordion-id_fc7aba-e2 .wp-block-kadence-pane .kt-blocks-accordion-header {color:#555555;background:#f2f2f2;border-color:#555555 #555555 #555555 #555555;font-size:18px;line-height:24px;border-radius:0px 0px 0px 0px;border-width:0px 0px 0px 0px;padding:10px 14px 10px 14px;}.kt-accordion-id_fc7aba-e2 .kt-blocks-accordion-header .kt-btn-svg-icon svg {width:18px;height:18px;}.kt-accordion-id_fc7aba-e2:not( .kt-accodion-icon-style-basiccircle ):not( .kt-accodion-icon-style-xclosecircle ):not( .kt-accodion-icon-style-arrowcircle ) .kt-blocks-accordion-icon-trigger:after, .kt-accordion-id_fc7aba-e2:not( .kt-accodion-icon-style-basiccircle ):not( .kt-accodion-icon-style-xclosecircle ):not( .kt-accodion-icon-style-arrowcircle ) .kt-blocks-accordion-icon-trigger:before {background:#555555;}.kt-accordion-id_fc7aba-e2:not( .kt-accodion-icon-style-basic ):not( .kt-accodion-icon-style-xclose ):not( .kt-accodion-icon-style-arrow ) .kt-blocks-accordion-icon-trigger {background:#555555;}.kt-accordion-id_fc7aba-e2:not( .kt-accodion-icon-style-basic ):not( .kt-accodion-icon-style-xclose ):not( .kt-accodion-icon-style-arrow ) .kt-blocks-accordion-icon-trigger:after, .kt-accordion-id_fc7aba-e2:not( .kt-accodion-icon-style-basic ):not( .kt-accodion-icon-style-xclose ):not( .kt-accodion-icon-style-arrow ) .kt-blocks-accordion-icon-trigger:before {background:#f2f2f2;}.kt-accordion-id_fc7aba-e2 .kt-blocks-accordion-header:hover, .kt-accordion-id_fc7aba-e2 .kt-blocks-accordion-header:focus {color:#444444;background:#eeeeee;border-color:#eeeeee #eeeeee #eeeeee #eeeeee;}.kt-accordion-id_fc7aba-e2:not( .kt-accodion-icon-style-basiccircle ):not( .kt-accodion-icon-style-xclosecircle ):not( .kt-accodion-icon-style-arrowcircle ) .kt-blocks-accordion-header:hover .kt-blocks-accordion-icon-trigger:after, .kt-accordion-id_fc7aba-e2:not( .kt-accodion-icon-style-basiccircle ):not( .kt-accodion-icon-style-xclosecircle ):not( .kt-accodion-icon-style-arrowcircle ) .kt-blocks-accordion-header:hover .kt-blocks-accordion-icon-trigger:before, .kt-accordion-id_fc7aba-e2:not( .kt-accodion-icon-style-basiccircle ):not( .kt-accodion-icon-style-xclosecircle ):not( .kt-accodion-icon-style-arrowcircle ) .kt-blocks-accordion-header:focus .kt-blocks-accordion-icon-trigger:after, .kt-accordion-id_fc7aba-e2:not( .kt-accodion-icon-style-basiccircle ):not( .kt-accodion-icon-style-xclosecircle ):not( .kt-accodion-icon-style-arrowcircle ) .kt-blocks-accordion-header:focus .kt-blocks-accordion-icon-trigger:before {background:#444444;}.kt-accordion-id_fc7aba-e2:not( .kt-accodion-icon-style-basic ):not( .kt-accodion-icon-style-xclose ):not( .kt-accodion-icon-style-arrow ) .kt-blocks-accordion-header:hover .kt-blocks-accordion-icon-trigger, .kt-accordion-id_fc7aba-e2:not( .kt-accodion-icon-style-basic ):not( .kt-accodion-icon-style-xclose ):not( .kt-accodion-icon-style-arrow ) .kt-blocks-accordion-header:focus .kt-blocks-accordion-icon-trigger {background:#444444;}.kt-accordion-id_fc7aba-e2:not( .kt-accodion-icon-style-basic ):not( .kt-accodion-icon-style-xclose ):not( .kt-accodion-icon-style-arrow ) .kt-blocks-accordion-header:hover .kt-blocks-accordion-icon-trigger:after, .kt-accordion-id_fc7aba-e2:not( .kt-accodion-icon-style-basic ):not( .kt-accodion-icon-style-xclose ):not( .kt-accodion-icon-style-arrow ) .kt-blocks-accordion-header:hover .kt-blocks-accordion-icon-trigger:before, .kt-accordion-id_fc7aba-e2:not( .kt-accodion-icon-style-basic ):not( .kt-accodion-icon-style-xclose ):not( .kt-accodion-icon-style-arrow ) .kt-blocks-accordion-header:focus .kt-blocks-accordion-icon-trigger:after, .kt-accordion-id_fc7aba-e2:not( .kt-accodion-icon-style-basic ):not( .kt-accodion-icon-style-xclose ):not( .kt-accodion-icon-style-arrow ) .kt-blocks-accordion-header:focus .kt-blocks-accordion-icon-trigger:before {background:#eeeeee;}.kt-accordion-id_fc7aba-e2 .kt-blocks-accordion-header.kt-accordion-panel-active {color:#ffffff;background:#444444;border-color:#444444 #444444 #444444 #444444;}.kt-accordion-id_fc7aba-e2:not( .kt-accodion-icon-style-basiccircle ):not( .kt-accodion-icon-style-xclosecircle ):not( .kt-accodion-icon-style-arrowcircle ) .kt-blocks-accordion-header.kt-accordion-panel-active .kt-blocks-accordion-icon-trigger:after, .kt-accordion-id_fc7aba-e2:not( .kt-accodion-icon-style-basiccircle ):not( .kt-accodion-icon-style-xclosecircle ):not( .kt-accodion-icon-style-arrowcircle ) .kt-blocks-accordion-header.kt-accordion-panel-active .kt-blocks-accordion-icon-trigger:before {background:#ffffff;}.kt-accordion-id_fc7aba-e2:not( .kt-accodion-icon-style-basic ):not( .kt-accodion-icon-style-xclose ):not( .kt-accodion-icon-style-arrow ) .kt-blocks-accordion-header.kt-accordion-panel-active .kt-blocks-accordion-icon-trigger {background:#ffffff;}.kt-accordion-id_fc7aba-e2:not( .kt-accodion-icon-style-basic ):not( .kt-accodion-icon-style-xclose ):not( .kt-accodion-icon-style-arrow ) .kt-blocks-accordion-header.kt-accordion-panel-active .kt-blocks-accordion-icon-trigger:after, .kt-accordion-id_fc7aba-e2:not( .kt-accodion-icon-style-basic ):not( .kt-accodion-icon-style-xclose ):not( .kt-accodion-icon-style-arrow ) .kt-blocks-accordion-header.kt-accordion-panel-active .kt-blocks-accordion-icon-trigger:before {background:#444444;}<\/style>\n<div class=\"wp-block-kadence-accordion alignnone\"><div class=\"kt-accordion-wrap kt-accordion-wrap kt-accordion-id_fc7aba-e2 kt-accordion-has-4-panes kt-active-pane-0 kt-accordion-block kt-pane-header-alignment-left kt-accodion-icon-style-basic kt-accodion-icon-side-right\" style=\"max-width:none\"><div class=\"kt-accordion-inner-wrap\" data-allow-multiple-open=\"false\" data-start-open=\"none\">\n<div class=\"wp-block-kadence-pane kt-accordion-pane kt-accordion-pane-1 kt-pane_ffde9c-c1\"><div class=\"kt-accordion-header-wrap\"><button class=\"kt-blocks-accordion-header kt-acccordion-button-label-show\"><span class=\"kt-blocks-accordion-title-wrap\"><span class=\"kt-blocks-accordion-title\">Resumen<\/span><\/span><span class=\"kt-blocks-accordion-icon-trigger\"><\/span><\/button><\/div><div class=\"kt-accordion-panel\"><div class=\"kt-accordion-panel-inner\">\n<p>La violencia escolar ha ganado creciente visibilidad en los \u00faltimos a\u00f1os y pone en evidencia la naturaleza global de un fen\u00f3meno que afecta a miles de estudiantes alrededor del mundo. Las circunstancias en que la violencia escolar se presenta demandan que la sociedad, la academia y los tomadores de decisiones enfoquen sus esfuerzos en comprender mejor este fen\u00f3meno para as\u00ed disminuir sus efectos y llegar a erradicarlos. La violencia escolar no perjudica s\u00f3lo a los estudiantes dentro de la instituci\u00f3n educativa sino tambi\u00e9n fuera de ella. Las causas y efectos de este fen\u00f3meno se encuentran en todos los \u00e1mbitos en los que se desenvuelven los estudiantes e involucran a todos los actores que conforman el sistema educativo. La complejidad de la violencia escolar requiere entonces de an\u00e1lisis m\u00e1s comprensivos y de varios niveles para dar respuestas adecuadas a este fen\u00f3meno. Con respecto a esta problem\u00e1tica, el presente art\u00edculo propone la construcci\u00f3n de un \u00edndice de violencia escolar con base en las encuestas de factores asociados aplicadas durante la evaluaci\u00f3n estandarizada de Ser Bachiller 2017. Las preguntas utilizadas para la construcci\u00f3n de este \u00edndice resumen exclusivamente las caracter\u00edsticas y el contexto en que la violencia se desarrolla. En general, este \u00edndice de violencia escolar incorpora factores de violencia dentro y fuera de la instituci\u00f3n educativa, lo cual contribuye a la literatura internacional que busca explicar este fen\u00f3meno y su influencia sobre el rendimiento acad\u00e9mico.<\/p>\n<\/div><\/div><\/div>\n\n\n\n<div class=\"wp-block-kadence-pane kt-accordion-pane kt-accordion-pane-4 kt-pane_29696f-88\"><div class=\"kt-accordion-header-wrap\"><button class=\"kt-blocks-accordion-header kt-acccordion-button-label-show\"><span class=\"kt-blocks-accordion-title-wrap\"><span class=\"kt-blocks-accordion-title\">Palabras clave<\/span><\/span><span class=\"kt-blocks-accordion-icon-trigger\"><\/span><\/button><\/div><div class=\"kt-accordion-panel\"><div class=\"kt-accordion-panel-inner\">\n<p>Palabras clave: Pruebas estandarizadas, Violencia escolar, Niveles de logro, Ser bachiller, bullying<\/p>\n<\/div><\/div><\/div>\n\n\n\n<div class=\"wp-block-kadence-pane kt-accordion-pane kt-accordion-pane-3 kt-pane_5f122f-bf\"><div class=\"kt-accordion-header-wrap\"><button class=\"kt-blocks-accordion-header kt-acccordion-button-label-show\"><span class=\"kt-blocks-accordion-title-wrap\"><span class=\"kt-blocks-accordion-title\">Documento para descarga<\/span><\/span><span class=\"kt-blocks-accordion-icon-trigger\"><\/span><\/button><\/div><div class=\"kt-accordion-panel\"><div class=\"kt-accordion-panel-inner\">\n<figure class=\"wp-block-table is-style-stripes\"><table><tbody><tr><td>Contexto y Violencia Escolar: el rol de la comunidad y la instituci\u00f3n educativa en el Sistema Nacional de Educaci\u00f3n<\/td><td><a href=\"http:\/\/evaluaciones.evaluacion.gob.ec\/revista\/download\/302\/\"><img src=\"http:\/\/evaluaciones.evaluacion.gob.ec\/revista\/wp-content\/uploads\/2020\/12\/revista-evaluacion-educativa_pdf.png\" alt=\"Esta imagen tiene un atributo ALT vac\u00edo; su nombre de archivo es revista-evaluacion-educativa_pdf.png\"><\/a><a rel=\"noreferrer noopener\" href=\"http:\/\/evaluaciones.evaluacion.gob.ec\/revista\/download\/87\/\" target=\"_blank\"><\/a><a rel=\"noreferrer noopener\" href=\"http:\/\/evaluaciones.evaluacion.gob.ec\/revista\/download\/87\/\" target=\"_blank\"><\/a><a rel=\"noreferrer noopener\" href=\"http:\/\/evaluaciones.evaluacion.gob.ec\/revista\/download\/87\/\" target=\"_blank\"><\/a><a rel=\"noreferrer noopener\" href=\"http:\/\/evaluaciones.evaluacion.gob.ec\/revista\/download\/87\/\" target=\"_blank\"><\/a><a rel=\"noreferrer noopener\" href=\"http:\/\/evaluaciones.evaluacion.gob.ec\/revista\/download\/87\/\" target=\"_blank\"><\/a><a rel=\"noreferrer noopener\" href=\"http:\/\/evaluaciones.evaluacion.gob.ec\/revista\/download\/87\/\" target=\"_blank\"><\/a><\/td><\/tr><\/tbody><\/table><\/figure>\n\n\n\n<p><\/p>\n<\/div><\/div><\/div>\n<\/div><\/div><\/div>\n\n\n\n<p><\/p>\n<\/div><\/div>\n<\/div><\/div><\/div>\n","protected":false},"excerpt":{"rendered":"","protected":false},"author":1,"featured_media":0,"parent":23,"menu_order":0,"comment_status":"closed","ping_status":"closed","template":"","meta":{"kt_blocks_editor_width":""},"_links":{"self":[{"href":"http:\/\/evaluaciones.evaluacion.gob.ec\/revista\/wp-json\/wp\/v2\/pages\/312"}],"collection":[{"href":"http:\/\/evaluaciones.evaluacion.gob.ec\/revista\/wp-json\/wp\/v2\/pages"}],"about":[{"href":"http:\/\/evaluaciones.evaluacion.gob.ec\/revista\/wp-json\/wp\/v2\/types\/page"}],"author":[{"embeddable":true,"href":"http:\/\/evaluaciones.evaluacion.gob.ec\/revista\/wp-json\/wp\/v2\/users\/1"}],"replies":[{"embeddable":true,"href":"http:\/\/evaluaciones.evaluacion.gob.ec\/revista\/wp-json\/wp\/v2\/comments?post=312"}],"version-history":[{"count":4,"href":"http:\/\/evaluaciones.evaluacion.gob.ec\/revista\/wp-json\/wp\/v2\/pages\/312\/revisions"}],"predecessor-version":[{"id":316,"href":"http:\/\/evaluaciones.evaluacion.gob.ec\/revista\/wp-json\/wp\/v2\/pages\/312\/revisions\/316"}],"up":[{"embeddable":true,"href":"http:\/\/evaluaciones.evaluacion.gob.ec\/revista\/wp-json\/wp\/v2\/pages\/23"}],"wp:attachment":[{"href":"http:\/\/evaluaciones.evaluacion.gob.ec\/revista\/wp-json\/wp\/v2\/media?parent=312"}],"curies":[{"name":"wp","href":"https:\/\/api.w.org\/{rel}","templated":true}]}}