{"id":348,"date":"2021-09-01T10:08:20","date_gmt":"2021-09-01T15:08:20","guid":{"rendered":"http:\/\/evaluaciones.evaluacion.gob.ec\/revista\/?page_id=348"},"modified":"2021-09-01T10:18:38","modified_gmt":"2021-09-01T15:18:38","slug":"documentos-legales","status":"publish","type":"page","link":"http:\/\/evaluaciones.evaluacion.gob.ec\/revista\/documentos-legales\/","title":{"rendered":"Documentos Legales"},"content":{"rendered":"\n<p><\/p>\n\n\n\n<figure class=\"wp-block-table is-style-regular\"><table class=\"has-fixed-layout\"><thead><tr><th class=\"has-text-align-left\" data-align=\"left\">Nombre<\/th><th class=\"has-text-align-left\" data-align=\"left\">Descarga Consentimiento<\/th><\/tr><\/thead><tbody><tr><td class=\"has-text-align-left\" data-align=\"left\">C\u00f3digo de \u00c9tica, Revista Cient\u00edfica Educativa<\/td><td class=\"has-text-align-left\" data-align=\"left\"> <a href=\"http:\/\/evaluaciones.evaluacion.gob.ec\/revista\/download\/250\/\"><img src=\"http:\/\/evaluaciones.evaluacion.gob.ec\/revista\/wp-content\/uploads\/2020\/11\/small_icon_pdf.png\" alt=\"download\"><\/a><a href=\"http:\/\/evaluaciones.evaluacion.gob.ec\/revista\/download\/282\/\"><\/a> <\/td><\/tr><tr><td class=\"has-text-align-left\" data-align=\"left\">Comit\u00e9 y Consejo Editorial de la Revista Cient\u00edfica Educativa del Ineval<\/td><td class=\"has-text-align-left\" data-align=\"left\"><a href=\"http:\/\/evaluaciones.evaluacion.gob.ec\/revista\/download\/358\/\"><img src=\"http:\/\/evaluaciones.evaluacion.gob.ec\/revista\/wp-content\/uploads\/2020\/11\/small_icon_pdf.png\" alt=\"download\"><\/a><\/td><\/tr><tr><td class=\"has-text-align-left\" data-align=\"left\">Derechos de autor, consentimiento firmado Ineval<\/td><td class=\"has-text-align-left\" data-align=\"left\"><a href=\"http:\/\/evaluaciones.evaluacion.gob.ec\/revista\/download\/360\/\"><img src=\"http:\/\/evaluaciones.evaluacion.gob.ec\/revista\/wp-content\/uploads\/2020\/11\/small_icon_pdf.png\" alt=\"download\"><\/a><\/td><\/tr><tr><td class=\"has-text-align-left\" data-align=\"left\">Gu\u00eda para estructurar y escribir art\u00edculos cient\u00edficos. Segunda Edici\u00f3n<\/td><td class=\"has-text-align-left\" data-align=\"left\"><a href=\"http:\/\/evaluaciones.evaluacion.gob.ec\/revista\/download\/363\/\"><img src=\"http:\/\/evaluaciones.evaluacion.gob.ec\/revista\/wp-content\/uploads\/2020\/11\/small_icon_pdf.png\" alt=\"download\"><\/a><\/td><\/tr><tr><td class=\"has-text-align-left\" data-align=\"left\">Pol\u00edticas para detecci\u00f3n de plagio y preservaci\u00f3n digital<\/td><td class=\"has-text-align-left\" data-align=\"left\"><a href=\"http:\/\/evaluaciones.evaluacion.gob.ec\/revista\/download\/365\/\"><img src=\"http:\/\/evaluaciones.evaluacion.gob.ec\/revista\/wp-content\/uploads\/2020\/11\/small_icon_pdf.png\" alt=\"download\"><\/a><\/td><\/tr><tr><td class=\"has-text-align-left\" data-align=\"left\">Sistema de arbitraje para seleccionar art\u00edculos a ser publicados 2da edici\u00f3n 2021<\/td><td class=\"has-text-align-left\" data-align=\"left\"><a href=\"http:\/\/evaluaciones.evaluacion.gob.ec\/revista\/download\/367\/\"><img src=\"http:\/\/evaluaciones.evaluacion.gob.ec\/revista\/wp-content\/uploads\/2020\/11\/small_icon_pdf.png\" alt=\"download\"><\/a><\/td><\/tr><\/tbody><\/table><\/figure>\n\n\n\n<p><\/p>\n","protected":false},"excerpt":{"rendered":"<p>Nombre Descarga Consentimiento C\u00f3digo de \u00c9tica, Revista Cient\u00edfica Educativa Comit\u00e9 y Consejo Editorial de la Revista Cient\u00edfica Educativa del Ineval Derechos de autor, consentimiento firmado Ineval Gu\u00eda para estructurar y escribir art\u00edculos cient\u00edficos. Segunda Edici\u00f3n Pol\u00edticas para detecci\u00f3n de plagio y preservaci\u00f3n digital Sistema de arbitraje para seleccionar art\u00edculos a ser publicados 2da edici\u00f3n 2021<\/p>\n","protected":false},"author":1,"featured_media":0,"parent":0,"menu_order":0,"comment_status":"closed","ping_status":"closed","template":"","meta":{"kt_blocks_editor_width":""},"_links":{"self":[{"href":"http:\/\/evaluaciones.evaluacion.gob.ec\/revista\/wp-json\/wp\/v2\/pages\/348"}],"collection":[{"href":"http:\/\/evaluaciones.evaluacion.gob.ec\/revista\/wp-json\/wp\/v2\/pages"}],"about":[{"href":"http:\/\/evaluaciones.evaluacion.gob.ec\/revista\/wp-json\/wp\/v2\/types\/page"}],"author":[{"embeddable":true,"href":"http:\/\/evaluaciones.evaluacion.gob.ec\/revista\/wp-json\/wp\/v2\/users\/1"}],"replies":[{"embeddable":true,"href":"http:\/\/evaluaciones.evaluacion.gob.ec\/revista\/wp-json\/wp\/v2\/comments?post=348"}],"version-history":[{"count":2,"href":"http:\/\/evaluaciones.evaluacion.gob.ec\/revista\/wp-json\/wp\/v2\/pages\/348\/revisions"}],"predecessor-version":[{"id":369,"href":"http:\/\/evaluaciones.evaluacion.gob.ec\/revista\/wp-json\/wp\/v2\/pages\/348\/revisions\/369"}],"wp:attachment":[{"href":"http:\/\/evaluaciones.evaluacion.gob.ec\/revista\/wp-json\/wp\/v2\/media?parent=348"}],"curies":[{"name":"wp","href":"https:\/\/api.w.org\/{rel}","templated":true}]}}